{"id":6933,"date":"2022-11-01T12:31:57","date_gmt":"2022-11-01T11:31:57","guid":{"rendered":"https:\/\/huitres-larmorostrea.com\/?page_id=6933"},"modified":"2025-07-09T13:39:30","modified_gmt":"2025-07-09T11:39:30","slug":"ostrea-bar","status":"publish","type":"page","link":"https:\/\/huitres-larmorostrea.com\/index.php\/ostrea-bar\/","title":{"rendered":"L&rsquo;Ostrea Bar"},"content":{"rendered":"<figure class=\"wp-block-post-featured-image\"><img loading=\"lazy\" decoding=\"async\" width=\"1128\" height=\"846\" src=\"https:\/\/i0.wp.com\/huitres-larmorostrea.com\/wp-content\/uploads\/2024\/07\/ostrea-bar-3.jpg?resize=1128%2C846&#038;ssl=1\" class=\"attachment-post-thumbnail size-post-thumbnail wp-post-image\" alt=\"o\u00f9 d\u00e9guster des huitres morbihan\" style=\"object-fit:cover;\" srcset=\"https:\/\/i0.wp.com\/huitres-larmorostrea.com\/wp-content\/uploads\/2024\/07\/ostrea-bar-3.jpg?w=1600&amp;ssl=1 1600w, https:\/\/i0.wp.com\/huitres-larmorostrea.com\/wp-content\/uploads\/2024\/07\/ostrea-bar-3.jpg?resize=300%2C225&amp;ssl=1 300w, https:\/\/i0.wp.com\/huitres-larmorostrea.com\/wp-content\/uploads\/2024\/07\/ostrea-bar-3.jpg?resize=1024%2C768&amp;ssl=1 1024w, https:\/\/i0.wp.com\/huitres-larmorostrea.com\/wp-content\/uploads\/2024\/07\/ostrea-bar-3.jpg?resize=768%2C576&amp;ssl=1 768w, https:\/\/i0.wp.com\/huitres-larmorostrea.com\/wp-content\/uploads\/2024\/07\/ostrea-bar-3.jpg?resize=1536%2C1152&amp;ssl=1 1536w, https:\/\/i0.wp.com\/huitres-larmorostrea.com\/wp-content\/uploads\/2024\/07\/ostrea-bar-3.jpg?resize=1200%2C900&amp;ssl=1 1200w, https:\/\/i0.wp.com\/huitres-larmorostrea.com\/wp-content\/uploads\/2024\/07\/ostrea-bar-3.jpg?resize=800%2C600&amp;ssl=1 800w, https:\/\/i0.wp.com\/huitres-larmorostrea.com\/wp-content\/uploads\/2024\/07\/ostrea-bar-3.jpg?resize=560%2C420&amp;ssl=1 560w, https:\/\/i0.wp.com\/huitres-larmorostrea.com\/wp-content\/uploads\/2024\/07\/ostrea-bar-3.jpg?resize=120%2C90&amp;ssl=1 120w, https:\/\/i0.wp.com\/huitres-larmorostrea.com\/wp-content\/uploads\/2024\/07\/ostrea-bar-3.jpg?resize=780%2C585&amp;ssl=1 780w, https:\/\/i0.wp.com\/huitres-larmorostrea.com\/wp-content\/uploads\/2024\/07\/ostrea-bar-3.jpg?resize=870%2C653&amp;ssl=1 870w\" sizes=\"auto, (max-width: 1128px) 100vw, 1128px\" data-recalc-dims=\"1\" \/><\/figure>\n\n\n<p class=\"has-text-align-center\">L\u2019Ostr\u00e9a Bar, les pieds dans la Ria<\/p>\n\n\n\n<h1 class=\"wp-block-heading has-text-align-center\">Votre bar \u00e0 hu\u00eetres \u00e0 Belz, Morbihan<\/h1>\n\n\n\n<figure class=\"wp-block-pullquote\"><blockquote><p>Un air iod\u00e9, les hu\u00eetres tout juste ouvertes, les reflets de la Ria et un verre \u00e0 la main\u2026 Vous \u00eates au bon endroit. Bienvenue \u00e0 l\u2019Ostr\u00e9a Bar<\/p><\/blockquote><\/figure>\n\n\n\n<p>Ici, \u00e0 Belz, au c\u0153ur du chantier ostr\u00e9icole Larmor Ostrea, notre bar \u00e0 hu\u00eetres s\u2019ouvre sur la Ria d\u2019\u00c9tel comme une terrasse sur le monde. On y vient pour savourer des hu\u00eetres charnues \u00e9lev\u00e9es sur place, des crevettes, des bulots, et trinquer au go\u00fbt du large avec un verre de vin blanc bien frais.<\/p>\n\n\n\n<p>L\u2019Ostr\u00e9a Bar, c\u2019est une escale gourmande en pleine nature, un moment suspendu entre ciel, mer et mar\u00e9e. Accessible \u00e0 pied, \u00e0 v\u00e9lo, en voiture ou m\u00eame en bateau, kayak, paddle, notre bar \u00e0 hu\u00eetres \u00e0 Belz vous accueille en saison pour une d\u00e9gustation les pieds dans l\u2019eau\u2026 et la t\u00eate ailleurs.<\/p>\n\n\n\n<h2 class=\"wp-block-heading has-text-align-center\">D\u00e9gustation d\u2019hu\u00eetres sur notre chantier ostr\u00e9icole \u00e0 Belz<\/h2>\n\n\n\n<figure class=\"wp-block-gallery has-nested-images columns-default is-cropped wp-block-gallery-1 is-layout-flex wp-block-gallery-is-layout-flex\">\n<figure class=\"wp-block-image size-large\"><img loading=\"lazy\" decoding=\"async\" width=\"802\" height=\"601\" data-id=\"7444\" src=\"https:\/\/i0.wp.com\/huitres-larmorostrea.com\/wp-content\/uploads\/2025\/07\/P1.png?resize=802%2C601&#038;ssl=1\" alt=\"\" class=\"wp-image-7444\" srcset=\"https:\/\/i0.wp.com\/huitres-larmorostrea.com\/wp-content\/uploads\/2025\/07\/P1.png?w=802&amp;ssl=1 802w, https:\/\/i0.wp.com\/huitres-larmorostrea.com\/wp-content\/uploads\/2025\/07\/P1.png?resize=300%2C225&amp;ssl=1 300w, https:\/\/i0.wp.com\/huitres-larmorostrea.com\/wp-content\/uploads\/2025\/07\/P1.png?resize=768%2C576&amp;ssl=1 768w, https:\/\/i0.wp.com\/huitres-larmorostrea.com\/wp-content\/uploads\/2025\/07\/P1.png?resize=800%2C600&amp;ssl=1 800w, https:\/\/i0.wp.com\/huitres-larmorostrea.com\/wp-content\/uploads\/2025\/07\/P1.png?resize=560%2C420&amp;ssl=1 560w, https:\/\/i0.wp.com\/huitres-larmorostrea.com\/wp-content\/uploads\/2025\/07\/P1.png?resize=120%2C90&amp;ssl=1 120w\" sizes=\"auto, (max-width: 802px) 100vw, 802px\" data-recalc-dims=\"1\" \/><\/figure>\n\n\n\n<figure class=\"wp-block-image size-large\"><img loading=\"lazy\" decoding=\"async\" width=\"800\" height=\"600\" data-id=\"7448\" src=\"https:\/\/i0.wp.com\/huitres-larmorostrea.com\/wp-content\/uploads\/2025\/07\/P2.png?resize=800%2C600&#038;ssl=1\" alt=\"\" class=\"wp-image-7448\" srcset=\"https:\/\/i0.wp.com\/huitres-larmorostrea.com\/wp-content\/uploads\/2025\/07\/P2.png?w=800&amp;ssl=1 800w, https:\/\/i0.wp.com\/huitres-larmorostrea.com\/wp-content\/uploads\/2025\/07\/P2.png?resize=300%2C225&amp;ssl=1 300w, https:\/\/i0.wp.com\/huitres-larmorostrea.com\/wp-content\/uploads\/2025\/07\/P2.png?resize=768%2C576&amp;ssl=1 768w, https:\/\/i0.wp.com\/huitres-larmorostrea.com\/wp-content\/uploads\/2025\/07\/P2.png?resize=560%2C420&amp;ssl=1 560w, https:\/\/i0.wp.com\/huitres-larmorostrea.com\/wp-content\/uploads\/2025\/07\/P2.png?resize=120%2C90&amp;ssl=1 120w\" sizes=\"auto, (max-width: 800px) 100vw, 800px\" data-recalc-dims=\"1\" \/><\/figure>\n\n\n\n<figure class=\"wp-block-image size-large\"><img loading=\"lazy\" decoding=\"async\" width=\"798\" height=\"601\" data-id=\"7446\" src=\"https:\/\/i0.wp.com\/huitres-larmorostrea.com\/wp-content\/uploads\/2025\/07\/P3.png?resize=798%2C601&#038;ssl=1\" alt=\"\" class=\"wp-image-7446\" srcset=\"https:\/\/i0.wp.com\/huitres-larmorostrea.com\/wp-content\/uploads\/2025\/07\/P3.png?w=798&amp;ssl=1 798w, https:\/\/i0.wp.com\/huitres-larmorostrea.com\/wp-content\/uploads\/2025\/07\/P3.png?resize=300%2C226&amp;ssl=1 300w, https:\/\/i0.wp.com\/huitres-larmorostrea.com\/wp-content\/uploads\/2025\/07\/P3.png?resize=768%2C578&amp;ssl=1 768w, https:\/\/i0.wp.com\/huitres-larmorostrea.com\/wp-content\/uploads\/2025\/07\/P3.png?resize=560%2C422&amp;ssl=1 560w, https:\/\/i0.wp.com\/huitres-larmorostrea.com\/wp-content\/uploads\/2025\/07\/P3.png?resize=120%2C90&amp;ssl=1 120w\" sizes=\"auto, (max-width: 798px) 100vw, 798px\" data-recalc-dims=\"1\" \/><\/figure>\n\n\n\n<figure class=\"wp-block-image size-large\"><img loading=\"lazy\" decoding=\"async\" width=\"798\" height=\"601\" data-id=\"7445\" src=\"https:\/\/i0.wp.com\/huitres-larmorostrea.com\/wp-content\/uploads\/2025\/07\/P5.png?resize=798%2C601&#038;ssl=1\" alt=\"\" class=\"wp-image-7445\" srcset=\"https:\/\/i0.wp.com\/huitres-larmorostrea.com\/wp-content\/uploads\/2025\/07\/P5.png?w=798&amp;ssl=1 798w, https:\/\/i0.wp.com\/huitres-larmorostrea.com\/wp-content\/uploads\/2025\/07\/P5.png?resize=300%2C226&amp;ssl=1 300w, https:\/\/i0.wp.com\/huitres-larmorostrea.com\/wp-content\/uploads\/2025\/07\/P5.png?resize=768%2C578&amp;ssl=1 768w, https:\/\/i0.wp.com\/huitres-larmorostrea.com\/wp-content\/uploads\/2025\/07\/P5.png?resize=560%2C422&amp;ssl=1 560w, https:\/\/i0.wp.com\/huitres-larmorostrea.com\/wp-content\/uploads\/2025\/07\/P5.png?resize=120%2C90&amp;ssl=1 120w\" sizes=\"auto, (max-width: 798px) 100vw, 798px\" data-recalc-dims=\"1\" \/><\/figure>\n\n\n\n<figure class=\"wp-block-image size-large\"><img loading=\"lazy\" decoding=\"async\" width=\"762\" height=\"607\" data-id=\"7447\" src=\"https:\/\/i0.wp.com\/huitres-larmorostrea.com\/wp-content\/uploads\/2025\/07\/P6.png?resize=762%2C607&#038;ssl=1\" alt=\"\" class=\"wp-image-7447\" srcset=\"https:\/\/i0.wp.com\/huitres-larmorostrea.com\/wp-content\/uploads\/2025\/07\/P6.png?w=762&amp;ssl=1 762w, https:\/\/i0.wp.com\/huitres-larmorostrea.com\/wp-content\/uploads\/2025\/07\/P6.png?resize=300%2C239&amp;ssl=1 300w, https:\/\/i0.wp.com\/huitres-larmorostrea.com\/wp-content\/uploads\/2025\/07\/P6.png?resize=560%2C446&amp;ssl=1 560w\" sizes=\"auto, (max-width: 762px) 100vw, 762px\" data-recalc-dims=\"1\" \/><\/figure>\n<\/figure>\n\n\n\n<p>\u00c0 l\u2019Ostr\u00e9a Bar, chaque assiette raconte une histoire de mer et de savoir-faire. Installez-vous en terrasse, avec vue sur les parcs, pour une d\u00e9gustation d\u2019hu\u00eetres charnues directement sur notre chantier ostr\u00e9icole \u00e0 Belz.<\/p>\n\n\n\n<p>Nos hu\u00eetres creuses de la Ria d\u2019\u00c9tel \u2013 petites (n\u00b04), moyennes (n\u00b03) ou grandes (n\u00b02) \u2013 sont ouvertes \u00e0 la commande, accompagn\u00e9es de pain, beurre demi-sel et citron.<\/p>\n\n\n\n<div class=\"wp-block-columns is-layout-flex wp-container-core-columns-is-layout-9d6595d7 wp-block-columns-is-layout-flex\">\n<div class=\"wp-block-column is-layout-flow wp-block-column-is-layout-flow\" style=\"flex-basis:33.33%\">\n<figure class=\"wp-block-image size-full\"><img loading=\"lazy\" decoding=\"async\" width=\"562\" height=\"750\" src=\"https:\/\/i0.wp.com\/huitres-larmorostrea.com\/wp-content\/uploads\/2025\/07\/A4-Crevettes.jpg?resize=562%2C750&#038;ssl=1\" alt=\"bar \u00e0 huitre et crevettes \u00e0 belz\" class=\"wp-image-7442\" srcset=\"https:\/\/i0.wp.com\/huitres-larmorostrea.com\/wp-content\/uploads\/2025\/07\/A4-Crevettes.jpg?w=562&amp;ssl=1 562w, https:\/\/i0.wp.com\/huitres-larmorostrea.com\/wp-content\/uploads\/2025\/07\/A4-Crevettes.jpg?resize=225%2C300&amp;ssl=1 225w, https:\/\/i0.wp.com\/huitres-larmorostrea.com\/wp-content\/uploads\/2025\/07\/A4-Crevettes.jpg?resize=560%2C747&amp;ssl=1 560w\" sizes=\"auto, (max-width: 562px) 100vw, 562px\" data-recalc-dims=\"1\" \/><\/figure>\n<\/div>\n\n\n\n<div class=\"wp-block-column is-layout-flow wp-block-column-is-layout-flow\" style=\"flex-basis:66.66%\">\n<p><\/p>\n\n\n\n<p><\/p>\n\n\n\n<p>Et pour prolonger le plaisir :<\/p>\n\n\n\n<ul class=\"wp-block-list\">\n<li>Grosses crevettes et bulots<\/li>\n\n\n\n<li>Rillettes de la mer : saumon fum\u00e9, langoustine, Saint-Jacques ou homard<\/li>\n\n\n\n<li>Far aux pruneaux<\/li>\n\n\n\n<li>Vins blancs soigneusement s\u00e9lectionn\u00e9s (Muscadet, Cheverny, Quincy, Pouilly Fum\u00e9)<\/li>\n\n\n\n<li>Vins rouge et ros\u00e9, champagne<\/li>\n\n\n\n<li>Bi\u00e8res artisanales de l\u2019Estran<\/li>\n\n\n\n<li>Softs et boissons chaudes<br><\/li>\n<\/ul>\n\n\n\n<div class=\"wp-block-buttons is-layout-flex wp-block-buttons-is-layout-flex\">\n<div class=\"wp-block-button\"><a class=\"wp-block-button__link wp-element-button\" href=\"https:\/\/huitres-larmorostrea.com\/wp-content\/uploads\/2025\/07\/Tarifs-degustation-2025-bis.pdf\">d\u00c9couvrir la carte<\/a><\/div>\n<\/div>\n<\/div>\n<\/div>\n\n\n\n<h2 class=\"wp-block-heading has-text-align-center\">Horaires d\u2019ouverture de notre bar \u00e0 hu\u00eetres<\/h2>\n\n\n\n<p>L\u2019Ostr\u00e9a Bar vous accueille en saison et selon la m\u00e9t\u00e9o.<\/p>\n\n\n\n<p>Voici les jours d\u2019ouverture habituels :<\/p>\n\n\n\n<p><strong>Mai &amp; juin : du vendredi soir au dimanche midi<\/strong><\/p>\n\n\n\n<p>\u2022 Vendredi : 11h\u201315h \/ 18h\u201322h<br>\u2022 Samedi : 11h\u201322h<br>\u2022 Dimanche : 11h\u201315h<\/p>\n\n\n\n<p><strong>Juillet &amp; ao\u00fbt : tous les jours, de 11h \u00e0 15h puis de 18h \u00e0 22h<\/strong><\/p>\n\n\n\n<p>Les horaires peuvent varier selon le ciel. Pour ne rien manquer, suivez les mises \u00e0 jour sur notre compte Instagram \ud83d\udc49 <a href=\"https:\/\/www.instagram.com\/larmor_ostrea\/\">@larmor_ostrea<\/a><\/p>\n\n\n\n<p><\/p>\n\n\n\n<hr class=\"wp-block-separator has-alpha-channel-opacity\"\/>\n\n\n\n<h2 class=\"wp-block-heading has-text-align-center\">Un bar \u00e0 hu\u00eetres \u00e0 Belz, entre terre, mer et lumi\u00e8re<\/h2>\n\n\n\n\t<section id=\"section-gallery-mb-block-a9f21f81-9c0e-4663-b422-8f5568a13a9b\" class=\"section section-gallery  \">\n\n\t\t<div class=\"gallery-wrap twelve\">\n\t\t\t\t\t<div class=\"gallery-images-masonry \">\n\n\t\t\t\t<div class=\"grid-sizer-gallery\"><\/div>\n\t\t\t\t\n\t\t\t\t\t\t<div class=\"gallery-image-wrap quarter-width square\" data-aos=\"fade-up\" data-aos-delay=\"100\"  >\n\n\t\t\t\t\t\t\t<div class=\"gallery-image-wrap-inner\">\n\n\t\t\t\t\t\t\t\t\t\t\t\t\t\t\t\t\t<a href=\"https:\/\/i0.wp.com\/huitres-larmorostrea.com\/wp-content\/uploads\/2024\/07\/ostrea-bar-8.jpg?resize=1600%2C1200&#038;ssl=1\" class=\"links_to_image\">\n\t\t\t\t\t\t\t\t\t\t\t\t    \t\n\t\t\t\t\t\t\t\t\t<div class=\"gallery-image\" style=\"background-image: url(https:\/\/i0.wp.com\/huitres-larmorostrea.com\/wp-content\/uploads\/2024\/07\/ostrea-bar-8.jpg?resize=1600%2C1200&#038;ssl=1);\"><\/div>\n\n\t\t\t\t\t\t\t\t\t\t\t\t\t\t\t\t\t<\/a>\n\t\t\t\t\t\t\t\t\n\t\t\t\t\t\t\t<\/div>\n\t\t   \t \n\t\t\t\t\t\t<\/div>\n\t\t\t\t\t\t\n\t\t\t\t\n\t\t\t\n\t\t\t\t\t\t<div class=\"gallery-image-wrap quarter uncropped\" data-aos=\"fade-up\" data-aos-delay=\"100\"  >\n\n\t\t\t\t\t\t\t<div class=\"gallery-image-wrap-inner\">\n\n\t\t\t\t\t\t\t\t\t\t\t\t\t\t\t\t\t<a href=\"https:\/\/i0.wp.com\/huitres-larmorostrea.com\/wp-content\/uploads\/2024\/07\/ostrea-bar-1.jpg?fit=800%2C600&#038;ssl=1\" class=\"links_to_image\">\n\t\t\t\t\t\t\t\t\t\t\t\t    \t\n\t\t\t\t\t\t\t\t\t<div class=\"gallery-image\" style=\"background-image: url(https:\/\/i0.wp.com\/huitres-larmorostrea.com\/wp-content\/uploads\/2024\/07\/ostrea-bar-1.jpg?fit=800%2C600&#038;ssl=1);\"><\/div>\n\n\t\t\t\t\t\t\t\t\t\t\t\t\t\t\t\t\t<\/a>\n\t\t\t\t\t\t\t\t\n\t\t\t\t\t\t\t<\/div>\n\t\t   \t \n\t\t\t\t\t\t<\/div>\n\t\t\t\t\t\t\n\t\t\t\t\n\t\t\t\n\t\t\t\t\t\t<div class=\"gallery-image-wrap quarter uncropped\" data-aos=\"fade-up\" data-aos-delay=\"100\"  >\n\n\t\t\t\t\t\t\t<div class=\"gallery-image-wrap-inner\">\n\n\t\t\t\t\t\t\t\t\t\t\t\t\t\t\t\t\t<a href=\"https:\/\/i0.wp.com\/huitres-larmorostrea.com\/wp-content\/uploads\/2024\/07\/ostrea-bar-7.jpg?fit=800%2C600&#038;ssl=1\" class=\"links_to_image\">\n\t\t\t\t\t\t\t\t\t\t\t\t    \t\n\t\t\t\t\t\t\t\t\t<div class=\"gallery-image\" style=\"background-image: url(https:\/\/i0.wp.com\/huitres-larmorostrea.com\/wp-content\/uploads\/2024\/07\/ostrea-bar-7.jpg?fit=800%2C600&#038;ssl=1);\"><\/div>\n\n\t\t\t\t\t\t\t\t\t\t\t\t\t\t\t\t\t<\/a>\n\t\t\t\t\t\t\t\t\n\t\t\t\t\t\t\t<\/div>\n\t\t   \t \n\t\t\t\t\t\t<\/div>\n\t\t\t\t\t\t\n\t\t\t\t\n\t\t\t\n\t\t\t\t\t\t<div class=\"gallery-image-wrap quarter uncropped\" data-aos=\"fade-up\" data-aos-delay=\"100\"  >\n\n\t\t\t\t\t\t\t<div class=\"gallery-image-wrap-inner\">\n\n\t\t\t\t\t\t\t\t\t\t\t\t\t\t\t\t\t<a href=\"https:\/\/i0.wp.com\/huitres-larmorostrea.com\/wp-content\/uploads\/2024\/07\/ostrea-bar-3.jpg?fit=800%2C600&#038;ssl=1\" class=\"links_to_image\">\n\t\t\t\t\t\t\t\t\t\t\t\t    \t\n\t\t\t\t\t\t\t\t\t<div class=\"gallery-image\" style=\"background-image: url(https:\/\/i0.wp.com\/huitres-larmorostrea.com\/wp-content\/uploads\/2024\/07\/ostrea-bar-3.jpg?fit=800%2C600&#038;ssl=1);\"><\/div>\n\n\t\t\t\t\t\t\t\t\t\t\t\t\t\t\t\t\t<\/a>\n\t\t\t\t\t\t\t\t\n\t\t\t\t\t\t\t<\/div>\n\t\t   \t \n\t\t\t\t\t\t<\/div>\n\t\t\t\t\t\t\n\t\t\t\t\n\t\t\t\n\t\t\t\t\t\t<div class=\"gallery-image-wrap quarter uncropped\" data-aos=\"fade-up\" data-aos-delay=\"100\"  >\n\n\t\t\t\t\t\t\t<div class=\"gallery-image-wrap-inner\">\n\n\t\t\t\t\t\t\t\t\t\t\t\t\t\t\t\t\t<a href=\"https:\/\/i0.wp.com\/huitres-larmorostrea.com\/wp-content\/uploads\/2024\/07\/ostrea-bar-6.jpg?fit=800%2C600&#038;ssl=1\" class=\"links_to_image\">\n\t\t\t\t\t\t\t\t\t\t\t\t    \t\n\t\t\t\t\t\t\t\t\t<div class=\"gallery-image\" style=\"background-image: url(https:\/\/i0.wp.com\/huitres-larmorostrea.com\/wp-content\/uploads\/2024\/07\/ostrea-bar-6.jpg?fit=800%2C600&#038;ssl=1);\"><\/div>\n\n\t\t\t\t\t\t\t\t\t\t\t\t\t\t\t\t\t<\/a>\n\t\t\t\t\t\t\t\t\n\t\t\t\t\t\t\t<\/div>\n\t\t   \t \n\t\t\t\t\t\t<\/div>\n\t\t\t\t\t\t\n\t\t\t\t\n\t\t\t\n\t\t\t\t\t\t<div class=\"gallery-image-wrap quarter uncropped\" data-aos=\"fade-up\" data-aos-delay=\"100\"  >\n\n\t\t\t\t\t\t\t<div class=\"gallery-image-wrap-inner\">\n\n\t\t\t\t\t\t\t\t\t\t\t\t\t\t\t\t\t<a href=\"https:\/\/i0.wp.com\/huitres-larmorostrea.com\/wp-content\/uploads\/2024\/07\/ostrea-bar-5.jpg?fit=800%2C600&#038;ssl=1\" class=\"links_to_image\">\n\t\t\t\t\t\t\t\t\t\t\t\t    \t\n\t\t\t\t\t\t\t\t\t<div class=\"gallery-image\" style=\"background-image: url(https:\/\/i0.wp.com\/huitres-larmorostrea.com\/wp-content\/uploads\/2024\/07\/ostrea-bar-5.jpg?fit=800%2C600&#038;ssl=1);\"><\/div>\n\n\t\t\t\t\t\t\t\t\t\t\t\t\t\t\t\t\t<\/a>\n\t\t\t\t\t\t\t\t\n\t\t\t\t\t\t\t<\/div>\n\t\t   \t \n\t\t\t\t\t\t<\/div>\n\t\t\t\t\t\t\n\t\t\t\t\n\t\t\t\n\t\t\t\t\t\t<div class=\"gallery-image-wrap quarter uncropped\" data-aos=\"fade-up\" data-aos-delay=\"100\"  >\n\n\t\t\t\t\t\t\t<div class=\"gallery-image-wrap-inner\">\n\n\t\t\t\t\t\t\t\t\t\t\t\t\t\t\t\t\t<a href=\"https:\/\/i0.wp.com\/huitres-larmorostrea.com\/wp-content\/uploads\/2024\/07\/ostrea-bar-4.jpg?fit=800%2C600&#038;ssl=1\" class=\"links_to_image\">\n\t\t\t\t\t\t\t\t\t\t\t\t    \t\n\t\t\t\t\t\t\t\t\t<div class=\"gallery-image\" style=\"background-image: url(https:\/\/i0.wp.com\/huitres-larmorostrea.com\/wp-content\/uploads\/2024\/07\/ostrea-bar-4.jpg?fit=800%2C600&#038;ssl=1);\"><\/div>\n\n\t\t\t\t\t\t\t\t\t\t\t\t\t\t\t\t\t<\/a>\n\t\t\t\t\t\t\t\t\n\t\t\t\t\t\t\t<\/div>\n\t\t   \t \n\t\t\t\t\t\t<\/div>\n\t\t\t\t\t\t\n\t\t\t\t\n\t\t\t\n\t\t\t\t\t\t<div class=\"gallery-image-wrap quarter uncropped\" data-aos=\"fade-up\" data-aos-delay=\"100\"  >\n\n\t\t\t\t\t\t\t<div class=\"gallery-image-wrap-inner\">\n\n\t\t\t\t\t\t\t\t\t\t\t\t\t\t\t\t\t<a href=\"https:\/\/i0.wp.com\/huitres-larmorostrea.com\/wp-content\/uploads\/2024\/05\/b4053de6-7783-41af-8bd8-cc777a867d67.jpg?fit=750%2C422&#038;ssl=1\" class=\"links_to_image\">\n\t\t\t\t\t\t\t\t\t\t\t\t    \t\n\t\t\t\t\t\t\t\t\t<div class=\"gallery-image\" style=\"background-image: url(https:\/\/i0.wp.com\/huitres-larmorostrea.com\/wp-content\/uploads\/2024\/05\/b4053de6-7783-41af-8bd8-cc777a867d67.jpg?fit=750%2C422&#038;ssl=1);\"><\/div>\n\n\t\t\t\t\t\t\t\t\t\t\t\t\t\t\t\t\t<\/a>\n\t\t\t\t\t\t\t\t\n\t\t\t\t\t\t\t<\/div>\n\t\t   \t \n\t\t\t\t\t\t<\/div>\n\t\t\t\t\t\t\n\t\t\t\t\n\t\t\t\t\t\t<\/div>\n\t\t\t\t<\/div>\n\t<\/section> \n\n\n\n<p><\/p>\n\n\n\n<p>\u00c0 quelques minutes de Saint-Cado, l\u2019Ostr\u00e9a Bar offre l\u2019un des plus beaux panoramas de la Ria d\u2019\u00c9tel. Ici, vous \u00eates au bord de l\u2019eau, entre les poches ostr\u00e9icoles, les barques \u00e0 l\u2019ancre et le va-et-vient des mar\u00e9es. THE sunset de la Ria d\u2019Etel&nbsp;!<\/p>\n\n\n\n<p>Le temps d\u2019une assiette ou d\u2019un verre, laissez-vous porter par l\u2019ambiance du lieu :<\/p>\n\n\n\n<ul class=\"wp-block-list\">\n<li>Le soleil d\u00e9cline sur l\u2019eau<\/li>\n\n\n\n<li>Les oiseaux marins rythment l\u2019apr\u00e8s-midi<\/li>\n\n\n\n<li>Le calme de la nature pr\u00e9serv\u00e9e enveloppe la terrasse<\/li>\n<\/ul>\n\n\n\n<p>Accessible en voiture, \u00e0 v\u00e9lo, \u00e0 pied ou m\u00eame en bateau, notre bar \u00e0 hu\u00eetres est une escale \u00e0 part. Loin du bruit, pr\u00e8s de l\u2019essentiel.<\/p>\n\n\n\n<p>Acc\u00e8s direct au chantier<br>GR34 le long du chantier<\/p>\n\n\n\n<p><\/p>\n\n\n\n<hr class=\"wp-block-separator has-alpha-channel-opacity\"\/>\n\n\n\n<h2 class=\"wp-block-heading has-text-align-center\">Privatisez notre bar \u00e0 hu\u00eetres \u00e0 Belz pour vos \u00e9v\u00e9nements<\/h2>\n\n\n\n<p>Vous cherchez un lieu atypique en plein air pour organiser un moment convivial dans un cadre naturel ? L\u2019Ostr\u00e9a Bar, install\u00e9 sur notre chantier ostr\u00e9icole \u00e0 Belz, se privatise pour accueillir vos \u00e9v\u00e9nements priv\u00e9s ou professionnels, face \u00e0 la Ria d\u2019\u00c9tel.<\/p>\n\n\n\n<p>Jusqu\u2019\u00e0 60 personnes peuvent \u00eatre re\u00e7ues sur place, en terrasse, dans une ambiance simple et authentique.<\/p>\n\n\n\n<p>Un cadre id\u00e9al pour :<\/p>\n\n\n\n<ul class=\"wp-block-list\">\n<li>Un afterwork ou une soir\u00e9e d\u2019\u00e9quipe<\/li>\n\n\n\n<li>Un pot de d\u00e9part, un anniversaire ou une r\u00e9union de famille<\/li>\n\n\n\n<li>Une rencontre associative, un \u00e9v\u00e9nement presse, un accueil de clients<\/li>\n\n\n\n<li> Une halte gourmande pour un groupe en visite<\/li>\n<\/ul>\n\n\n\n<p>Situ\u00e9 \u00e0 Belz, \u00e0 deux pas de Saint-Cado, L\u2019Ostr\u00e9a Bar est facilement accessible depuis Auray (20 min), Vannes (35 min) ou Lorient (25 min). Un lieu d\u00e9paysant, sans \u00eatre loin.<\/p>\n\n\n\n<p><\/p>\n\n\n\n<div class=\"wp-block-group has-text-color has-background\" style=\"color:#000000;background-color:#ffffff\"><div class=\"wp-block-group__inner-container is-layout-flow wp-block-group-is-layout-flow\">\n<div style=\"height:15px\" aria-hidden=\"true\" class=\"wp-block-spacer\"><\/div>\n\n\n\n<p class=\"has-text-align-center has-small-font-size\" style=\"line-height:.9\"><strong><mark style=\"background-color:rgba(0, 0, 0, 0)\" class=\"has-inline-color has-black-color\">Contactez nous<\/mark><\/strong><\/p>\n\n\n\n<h3 class=\"wp-block-heading has-text-align-center\" id=\"schedule-a-visit\" style=\"font-size:59px;line-height:1.15\"><strong><mark style=\"background-color:rgba(0, 0, 0, 0)\" class=\"has-inline-color has-black-color\">Envie de privatiser le lieu ou d\u2019en savoir plus ?<\/mark><\/strong><\/h3>\n\n\n\n<div class=\"wp-block-buttons is-horizontal is-content-justification-center is-layout-flex wp-container-core-buttons-is-layout-499968f5 wp-block-buttons-is-layout-flex\">\n<div class=\"wp-block-button has-custom-width wp-block-button__width-50\"><a class=\"wp-block-button__link has-text-color has-background wp-element-button\" href=\"https:\/\/huitres-larmorostrea.com\/index.php\/contactez-nous\/\" style=\"border-radius:50px;color:#ffffff;background-color:#000000\">Contactez-nous<\/a><\/div>\n<\/div>\n\n\n\n<div style=\"height:16px\" aria-hidden=\"true\" class=\"wp-block-spacer\"><\/div>\n<\/div><\/div>\n\n\n\n<p><\/p>\n\n\n\n<h3 class=\"wp-block-heading has-text-align-left\">Nous trouver&nbsp;:<\/h3>\n\n\n\n<iframe src=\"https:\/\/www.google.com\/maps\/embed?pb=!1m18!1m12!1m3!1d7603.821044718843!2d-3.214260592737963!3d47.6680496953889!2m3!1f0!2f0!3f0!3m2!1i1024!2i768!4f13.1!3m3!1m2!1s0x481069c14ac41247%3A0x8dcd0cea931bcad2!2sBar%20%C3%A0%20Hu%C3%AEtres%20Larmor%20Ostrea%20%E2%80%A2%20D%C3%A9gustation%20%26%20Animation!5e0!3m2!1sfr!2sfr!4v1752060413974!5m2!1sfr!2sfr\" width=\"600\" height=\"450\" style=\"border:0;\" allowfullscreen=\"\" loading=\"lazy\" referrerpolicy=\"no-referrer-when-downgrade\"><\/iframe>\n\n\n\n<div data-schema-only=\"false\" class=\"wp-block-aioseo-faq\"><h3 class=\"aioseo-faq-block-question\">Peut-on venir avec des enfants ?<\/h3><div class=\"aioseo-faq-block-answer\">\n<p>Oui, les enfants sont les bienvenus \u00e0 L\u2019Ostr\u00e9a Bar. Le lieu reste cependant en bord de Ria, sans cl\u00f4ture : nous invitons les parents \u00e0 faire preuve de vigilance.<\/p>\n<\/div><\/div>\n\n\n\n<div data-schema-only=\"false\" class=\"wp-block-aioseo-faq\"><h3 class=\"aioseo-faq-block-question\">Les chiens sont-ils accept\u00e9s ?<\/h3><div class=\"aioseo-faq-block-answer\">\n<p>Oui, les chiens tenus en laisse sont accept\u00e9s sur la terrasse. L\u2019endroit est calme : merci de veiller \u00e0 leur tranquillit\u00e9.<\/p>\n<\/div><\/div>\n\n\n\n<div data-schema-only=\"false\" class=\"wp-block-aioseo-faq\"><h3 class=\"aioseo-faq-block-question\">Faut-il r\u00e9server ?<\/h3><div class=\"aioseo-faq-block-answer\">\n<p>La r\u00e9servation n\u2019est pas obligatoire, mais elle est fortement recommand\u00e9e. Un appel, un SMS ou un message sur Instagram suffit.<\/p>\n<\/div><\/div>\n\n\n\n<div data-schema-only=\"false\" class=\"wp-block-aioseo-faq\"><h3 class=\"aioseo-faq-block-question\">Peut-on acheter des hu\u00eetres \u00e0 emporter ?<\/h3><div class=\"aioseo-faq-block-answer\">\n<p>Oui, vous pouvez repartir avec nos hu\u00eetres fra\u00eeches.<\/p>\n<\/div><\/div>\n\n\n\n<div data-schema-only=\"false\" class=\"wp-block-aioseo-faq\"><h3 class=\"aioseo-faq-block-question\">Peut-on venir en bateau ?<\/h3><div class=\"aioseo-faq-block-answer\">\n<p>Non, l&rsquo;accostage est trop risqu\u00e9 \u00e0 cause des parcs. En revanche, il est possible de venir en paddle ou kayak.<\/p>\n<\/div><\/div>\n\n\n\n<div data-schema-only=\"false\" class=\"wp-block-aioseo-faq\"><h3 class=\"aioseo-faq-block-question\">Que se passe-t-il en cas de mauvais temps ?<\/h3><div class=\"aioseo-faq-block-answer\">\n<p>Le bar est enti\u00e8rement en ext\u00e9rieur. En cas de m\u00e9t\u00e9o d\u00e9favorable, l\u2019ouverture peut \u00eatre annul\u00e9e ou d\u00e9cal\u00e9e. Suivez les mises \u00e0 jour en direct sur <a href=\"https:\/\/www.instagram.com\/larmor_ostrea\/\" target=\"_blank\" rel=\"noopener\" title=\"\">Instagram<\/a>.<\/p>\n<\/div><\/div>\n\n\n\n<p class=\"has-text-align-center\"><\/p>\n\n\n\n<p><br><br><\/p>\n","protected":false},"excerpt":{"rendered":"L\u2019Ostr\u00e9a Bar, les pieds dans la Ria Votre bar \u00e0 hu\u00eetres \u00e0 Belz, Morbihan Un air iod\u00e9, les hu\u00eetres tout juste ouvertes, les reflets ...","protected":false},"author":1,"featured_media":7321,"parent":0,"menu_order":0,"comment_status":"closed","ping_status":"closed","template":"","meta":{"_monsterinsights_skip_tracking":false,"_monsterinsights_sitenote_active":false,"_monsterinsights_sitenote_note":"","_monsterinsights_sitenote_category":0,"footnotes":""},"class_list":["post-6933","page","type-page","status-publish","has-post-thumbnail","hentry"],"aioseo_notices":[],"_links":{"self":[{"href":"https:\/\/huitres-larmorostrea.com\/index.php\/wp-json\/wp\/v2\/pages\/6933","targetHints":{"allow":["GET"]}}],"collection":[{"href":"https:\/\/huitres-larmorostrea.com\/index.php\/wp-json\/wp\/v2\/pages"}],"about":[{"href":"https:\/\/huitres-larmorostrea.com\/index.php\/wp-json\/wp\/v2\/types\/page"}],"author":[{"embeddable":true,"href":"https:\/\/huitres-larmorostrea.com\/index.php\/wp-json\/wp\/v2\/users\/1"}],"replies":[{"embeddable":true,"href":"https:\/\/huitres-larmorostrea.com\/index.php\/wp-json\/wp\/v2\/comments?post=6933"}],"version-history":[{"count":42,"href":"https:\/\/huitres-larmorostrea.com\/index.php\/wp-json\/wp\/v2\/pages\/6933\/revisions"}],"predecessor-version":[{"id":7485,"href":"https:\/\/huitres-larmorostrea.com\/index.php\/wp-json\/wp\/v2\/pages\/6933\/revisions\/7485"}],"wp:featuredmedia":[{"embeddable":true,"href":"https:\/\/huitres-larmorostrea.com\/index.php\/wp-json\/wp\/v2\/media\/7321"}],"wp:attachment":[{"href":"https:\/\/huitres-larmorostrea.com\/index.php\/wp-json\/wp\/v2\/media?parent=6933"}],"curies":[{"name":"wp","href":"https:\/\/api.w.org\/{rel}","templated":true}]}}